{"id":92,"date":"2019-03-28T14:29:21","date_gmt":"2019-03-28T14:29:21","guid":{"rendered":"https:\/\/xn--graber-chre-zfb.de\/?page_id=92"},"modified":"2025-01-10T10:01:57","modified_gmt":"2025-01-10T09:01:57","slug":"chore","status":"publish","type":"page","link":"https:\/\/xn--graber-chre-zfb.de\/?page_id=92","title":{"rendered":"Chorgruppen"},"content":{"rendered":"\n<div class=\"wp-block-media-text has-media-on-the-right is-stacked-on-mobile\"><div class=\"wp-block-media-text__content\">\n<h2 class=\"wp-block-heading has-medium-font-size\">Gesamtchor (Marcanto)<\/h2>\n\n\n\n<p>Der gemischte Chor Marcanto singt alle Stilrichtungen, egal ob Geistliches oder Weihnachtliches bei<br>Kirchenkonzerten, ob Lateinamerikanisches mit Gitarrenbegleitung, ob Musicals oder Popul\u00e4res<br>und Jazziges mit viel Swing und Bewegung.<br>Jedes Jahr bestehen die Auftritte aus dem stimmungsvollen Weihnachtskonzert, dem<br>schwungvollen Sommerkonzert und kleineren Veranstaltungen.<\/p>\n<\/div><figure class=\"wp-block-media-text__media\"><img loading=\"lazy\" decoding=\"async\" width=\"1024\" height=\"682\" src=\"https:\/\/xn--graber-chre-zfb.de\/wp-content\/uploads\/2025\/01\/Marcanto-1024x682.jpg\" alt=\"\" class=\"wp-image-610 size-full\" srcset=\"https:\/\/xn--graber-chre-zfb.de\/wp-content\/uploads\/2025\/01\/Marcanto-1024x682.jpg 1024w, https:\/\/xn--graber-chre-zfb.de\/wp-content\/uploads\/2025\/01\/Marcanto-300x200.jpg 300w, https:\/\/xn--graber-chre-zfb.de\/wp-content\/uploads\/2025\/01\/Marcanto-768x512.jpg 768w, https:\/\/xn--graber-chre-zfb.de\/wp-content\/uploads\/2025\/01\/Marcanto.jpg 1298w\" sizes=\"auto, (max-width: 1024px) 100vw, 1024px\" \/><\/figure><\/div>\n\n\n\n<div class=\"wp-block-group\"><div class=\"wp-block-group__inner-container is-layout-constrained wp-block-group-is-layout-constrained\">\n<div class=\"wp-block-media-text is-stacked-on-mobile is-vertically-aligned-center alignwide\"><figure class=\"wp-block-media-text__media\"><img loading=\"lazy\" decoding=\"async\" width=\"1024\" height=\"682\" src=\"https:\/\/xn--graber-chre-zfb.de\/wp-content\/uploads\/2025\/01\/Maennerchor-1024x682.jpg\" alt=\"\" class=\"wp-image-613 size-full\" srcset=\"https:\/\/xn--graber-chre-zfb.de\/wp-content\/uploads\/2025\/01\/Maennerchor-1024x682.jpg 1024w, https:\/\/xn--graber-chre-zfb.de\/wp-content\/uploads\/2025\/01\/Maennerchor-300x200.jpg 300w, https:\/\/xn--graber-chre-zfb.de\/wp-content\/uploads\/2025\/01\/Maennerchor-768x512.jpg 768w, https:\/\/xn--graber-chre-zfb.de\/wp-content\/uploads\/2025\/01\/Maennerchor.jpg 1298w\" sizes=\"auto, (max-width: 1024px) 100vw, 1024px\" \/><\/figure><div class=\"wp-block-media-text__content\">\n<h2 class=\"wp-block-heading has-medium-font-size\">M\u00e4nnerchor (Akzento)<\/h2>\n\n\n\n<p>Der M\u00e4nnerchor Akzento, der schon sehr lange besteht und vor \u00fcber 20 Jahren neu formiert wurde,<br>ist mit voller Freude bei den Proben und beim Beisammensein.<br>Die gute Stimmung springt bei den Auftritten immer auf das Publikum \u00fcber, wenn die klangvollen<br>modernen und auch traditionellen Chors\u00e4tze gesungen werden.<\/p>\n<\/div><\/div>\n<\/div><\/div>\n\n\n\n<div class=\"wp-block-group alignwide\"><div class=\"wp-block-group__inner-container is-layout-constrained wp-block-group-is-layout-constrained\">\n<div class=\"wp-block-media-text alignwide has-media-on-the-right is-stacked-on-mobile\"><div class=\"wp-block-media-text__content\">\n<h2 class=\"wp-block-heading has-medium-font-size\">Frauenchor<\/h2>\n\n\n\n<p>Der Frauenchor Donnacanta singt ausgefallene, oft einf\u00fchlsame mehrstimmige Chors\u00e4tze aus dem<br>geistlichen und weltlichen Bereich, wobei auch die Film \u2013 und Swingmusik nicht zu kurz kommt.<\/p>\n<\/div><figure class=\"wp-block-media-text__media\"><img loading=\"lazy\" decoding=\"async\" width=\"1024\" height=\"682\" src=\"https:\/\/xn--graber-chre-zfb.de\/wp-content\/uploads\/2025\/01\/Frauenchor-1024x682.jpg\" alt=\"\" class=\"wp-image-615 size-full\" srcset=\"https:\/\/xn--graber-chre-zfb.de\/wp-content\/uploads\/2025\/01\/Frauenchor-1024x682.jpg 1024w, https:\/\/xn--graber-chre-zfb.de\/wp-content\/uploads\/2025\/01\/Frauenchor-300x200.jpg 300w, https:\/\/xn--graber-chre-zfb.de\/wp-content\/uploads\/2025\/01\/Frauenchor-768x512.jpg 768w, https:\/\/xn--graber-chre-zfb.de\/wp-content\/uploads\/2025\/01\/Frauenchor.jpg 1298w\" sizes=\"auto, (max-width: 1024px) 100vw, 1024px\" \/><\/figure><\/div>\n<\/div><\/div>\n\n\n\n<div class=\"wp-block-group alignwide\"><div class=\"wp-block-group__inner-container is-layout-constrained wp-block-group-is-layout-constrained\">\n<div class=\"wp-block-media-text alignwide is-stacked-on-mobile\"><figure class=\"wp-block-media-text__media\"><img loading=\"lazy\" decoding=\"async\" width=\"1024\" height=\"768\" src=\"http:\/\/xn--graber-chre-zfb.de\/wp-content\/uploads\/2024\/03\/Fasching-3-Kinderchor-23-1024x768.jpg\" alt=\"\" class=\"wp-image-472 size-full\" srcset=\"https:\/\/xn--graber-chre-zfb.de\/wp-content\/uploads\/2024\/03\/Fasching-3-Kinderchor-23-1024x768.jpg 1024w, https:\/\/xn--graber-chre-zfb.de\/wp-content\/uploads\/2024\/03\/Fasching-3-Kinderchor-23-300x225.jpg 300w, https:\/\/xn--graber-chre-zfb.de\/wp-content\/uploads\/2024\/03\/Fasching-3-Kinderchor-23-768x576.jpg 768w, https:\/\/xn--graber-chre-zfb.de\/wp-content\/uploads\/2024\/03\/Fasching-3-Kinderchor-23-1536x1152.jpg 1536w, https:\/\/xn--graber-chre-zfb.de\/wp-content\/uploads\/2024\/03\/Fasching-3-Kinderchor-23-2048x1536.jpg 2048w, https:\/\/xn--graber-chre-zfb.de\/wp-content\/uploads\/2024\/03\/Fasching-3-Kinderchor-23-1600x1200.jpg 1600w\" sizes=\"auto, (max-width: 1024px) 100vw, 1024px\" \/><\/figure><div class=\"wp-block-media-text__content\">\n<h2 class=\"wp-block-heading has-medium-font-size\">Kinder- &amp; Jugendchor<\/h2>\n\n\n\n<p>Der Kinder- und Jugendchor singt eigentlich alles, ob Tanz- und Bewegungslieder, popul\u00e4re Lieder,<br>Lieder aus anderen L\u00e4ndern oder szenische Musicals. Hauptsache es macht Freude! Jedes Jahr wirkt<br>er beim Weihnachts- und Sommerkonzert der Graber Ch\u00f6re sowie bei kleineren Auftritten mit.<br>Au\u00dferdem hat der Kinder- und Jugendchor viel Spa\u00df bei den gemeinsamen Ausfl\u00fcgen und Festen.<\/p>\n<\/div><\/div>\n<\/div><\/div>\n","protected":false},"excerpt":{"rendered":"<p>Gesamtchor (Marcanto) Der gemischte Chor Marcanto singt alle Stilrichtungen, egal ob Geistliches oder Weihnachtliches beiKirchenkonzerten, ob Lateinamerikanisches mit Gitarrenbegleitung, ob&hellip;<\/p>\n","protected":false},"author":1,"featured_media":0,"parent":0,"menu_order":0,"comment_status":"closed","ping_status":"closed","template":"","meta":{"footnotes":""},"class_list":["post-92","page","type-page","status-publish","hentry"],"_links":{"self":[{"href":"https:\/\/xn--graber-chre-zfb.de\/index.php?rest_route=\/wp\/v2\/pages\/92","targetHints":{"allow":["GET"]}}],"collection":[{"href":"https:\/\/xn--graber-chre-zfb.de\/index.php?rest_route=\/wp\/v2\/pages"}],"about":[{"href":"https:\/\/xn--graber-chre-zfb.de\/index.php?rest_route=\/wp\/v2\/types\/page"}],"author":[{"embeddable":true,"href":"https:\/\/xn--graber-chre-zfb.de\/index.php?rest_route=\/wp\/v2\/users\/1"}],"replies":[{"embeddable":true,"href":"https:\/\/xn--graber-chre-zfb.de\/index.php?rest_route=%2Fwp%2Fv2%2Fcomments&post=92"}],"version-history":[{"count":25,"href":"https:\/\/xn--graber-chre-zfb.de\/index.php?rest_route=\/wp\/v2\/pages\/92\/revisions"}],"predecessor-version":[{"id":617,"href":"https:\/\/xn--graber-chre-zfb.de\/index.php?rest_route=\/wp\/v2\/pages\/92\/revisions\/617"}],"wp:attachment":[{"href":"https:\/\/xn--graber-chre-zfb.de\/index.php?rest_route=%2Fwp%2Fv2%2Fmedia&parent=92"}],"curies":[{"name":"wp","href":"https:\/\/api.w.org\/{rel}","templated":true}]}}